{"id":38,"date":"2017-01-20T17:13:59","date_gmt":"2017-01-20T17:13:59","guid":{"rendered":"http:\/\/www.av-tassilo.org\/?page_id=38"},"modified":"2017-01-21T10:27:22","modified_gmt":"2017-01-21T10:27:22","slug":"impressum","status":"publish","type":"page","link":"https:\/\/www.av-tassilo.org\/?page_id=38","title":{"rendered":"Impressum"},"content":{"rendered":"<p>Offenlegung gem\u00e4\u00df \u00a725 MedienG \/ Angaben gem\u00e4\u00df E-Commerce-Gesetz<\/p>\n<p><strong>Firmenname\/Medieninhaber\/Herausgeber<\/strong><\/p>\n<p><b>Akademische Vereinigung Tassilo<br \/>\n<\/b> Mitglied des <a href=\"http:\/\/www.kartellverband.org\/\" target=\"_blank\"><u><span style=\"color: #0066cc;\">\u00d6sterreichischen Kartellverbandes (\u00d6KV)<\/span><\/u><\/a><\/p>\n<p><strong>Anschrift und Kommunikationsdaten<\/strong><\/p>\n<p>Anschrift: Webergasse 9, 4040 Linz<\/p>\n<p>E-Mail: <a href=\"mailto:mail@av-tassilo.org\"><u><span style=\"color: #0066cc;\">mail@av-tassilo.org<\/span><\/u><\/a><\/p>\n<p><strong>Inhalt<\/strong><\/p>\n<p>Informationen \u00fcber die\u00a0AV Tassilo Linz.<\/p>\n<p><strong>Copyright<\/strong><\/p>\n<p>S\u00e4mtliche Texte und Grafiken sind urheberrechtlich gesch\u00fctzt und d\u00fcrfen nur nach vorheriger R\u00fccksprache mit dem Webmaster weiterverwendet werden.<\/p>\n<p><strong>Disclaimer<\/strong><\/p>\n<p>Alle Angaben \u00fcber Termine u. \u00e4. sind ohne Gew\u00e4hr. Auf dieser Website befinden sich Links zu anderen Websites. Da wir auf deren Inhalt keinen Einfluss haben, distanzieren wir uns ausdr\u00fccklich von allf\u00e4lligen rechtswidrigen Inhalten.<\/p>\n","protected":false},"excerpt":{"rendered":"<p>Offenlegung gem\u00e4\u00df \u00a725 MedienG \/ Angaben gem\u00e4\u00df E-Commerce-Gesetz Firmenname\/Medieninhaber\/Herausgeber Akademische Vereinigung Tassilo Mitglied des \u00d6sterreichischen Kartellverbandes (\u00d6KV) Anschrift und Kommunikationsdaten Anschrift: Webergasse 9, 4040 Linz E-Mail: mail@av-tassilo.org Inhalt Informationen \u00fcber die\u00a0AV Tassilo Linz. Copyright S\u00e4mtliche Texte und Grafiken sind urheberrechtlich gesch\u00fctzt und d\u00fcrfen nur nach vorheriger R\u00fccksprache mit dem Webmaster weiterverwendet werden. Disclaimer Alle Angaben &hellip; <a href=\"https:\/\/www.av-tassilo.org\/?page_id=38\" class=\"more-link\"><span class=\"screen-reader-text\">\u201eImpressum\u201c<\/span> weiterlesen<\/a><\/p>\n","protected":false},"author":1,"featured_media":0,"parent":0,"menu_order":0,"comment_status":"closed","ping_status":"closed","template":"","meta":{"ngg_post_thumbnail":0,"footnotes":""},"class_list":["post-38","page","type-page","status-publish","hentry"],"_links":{"self":[{"href":"https:\/\/www.av-tassilo.org\/index.php?rest_route=\/wp\/v2\/pages\/38","targetHints":{"allow":["GET"]}}],"collection":[{"href":"https:\/\/www.av-tassilo.org\/index.php?rest_route=\/wp\/v2\/pages"}],"about":[{"href":"https:\/\/www.av-tassilo.org\/index.php?rest_route=\/wp\/v2\/types\/page"}],"author":[{"embeddable":true,"href":"https:\/\/www.av-tassilo.org\/index.php?rest_route=\/wp\/v2\/users\/1"}],"replies":[{"embeddable":true,"href":"https:\/\/www.av-tassilo.org\/index.php?rest_route=%2Fwp%2Fv2%2Fcomments&post=38"}],"version-history":[{"count":5,"href":"https:\/\/www.av-tassilo.org\/index.php?rest_route=\/wp\/v2\/pages\/38\/revisions"}],"predecessor-version":[{"id":40,"href":"https:\/\/www.av-tassilo.org\/index.php?rest_route=\/wp\/v2\/pages\/38\/revisions\/40"}],"wp:attachment":[{"href":"https:\/\/www.av-tassilo.org\/index.php?rest_route=%2Fwp%2Fv2%2Fmedia&parent=38"}],"curies":[{"name":"wp","href":"https:\/\/api.w.org\/{rel}","templated":true}]}}